{"id":9475,"date":"2024-05-23T12:50:27","date_gmt":"2024-05-23T11:50:27","guid":{"rendered":"https:\/\/www.beethoven.institute\/?page_id=9475"},"modified":"2025-02-08T22:21:20","modified_gmt":"2025-02-08T21:21:20","slug":"competition","status":"publish","type":"page","link":"https:\/\/www.beethoven.institute\/en\/competition\/","title":{"rendered":"Competition 2025-"},"content":{"rendered":"<section class=\"l-section wpb_row height_huge\"><div class=\"l-section-overlay\" style=\"background:linear-gradient(0deg,rgba(0,0,0,0.00),rgba(0,0,0,0.05))\"><\/div><div class=\"l-section-h i-cf\"><div class=\"g-cols vc_row via_grid cols_2 laptops-cols_inherit tablets-cols_inherit mobiles-cols_1 valign_top type_default stacking_default\"><div class=\"wpb_column vc_column_container\"><div class=\"vc_column-inner\"><h3 class=\"w-text\"><span class=\"w-text-h\"><span class=\"w-text-value\">Vienna Beethoven Competition 2025<\/span><\/span><\/h3><div class=\"w-image align_none\"><div class=\"w-image-h\"><img decoding=\"async\" width=\"724\" height=\"1024\" src=\"https:\/\/www.beethoven.institute\/wp-content\/uploads\/2025\/02\/Beethoven_competition_005_web_1024-724x1024.jpg\" class=\"attachment-large size-large\" alt=\"\" loading=\"lazy\" srcset=\"https:\/\/www.beethoven.institute\/wp-content\/uploads\/2025\/02\/Beethoven_competition_005_web_1024-724x1024.jpg 724w, https:\/\/www.beethoven.institute\/wp-content\/uploads\/2025\/02\/Beethoven_competition_005_web_1024-212x300.jpg 212w, https:\/\/www.beethoven.institute\/wp-content\/uploads\/2025\/02\/Beethoven_competition_005_web_1024-8x12.jpg 8w, https:\/\/www.beethoven.institute\/wp-content\/uploads\/2025\/02\/Beethoven_competition_005_web_1024-283x400.jpg 283w, https:\/\/www.beethoven.institute\/wp-content\/uploads\/2025\/02\/Beethoven_competition_005_web_1024-28x40.jpg 28w, https:\/\/www.beethoven.institute\/wp-content\/uploads\/2025\/02\/Beethoven_competition_005_web_1024.jpg 1024w\" sizes=\"auto, (max-width: 724px) 100vw, 724px\" \/><\/div><\/div><\/div><\/div><div class=\"wpb_column vc_column_container\"><div class=\"vc_column-inner\"><div class=\"wpb_text_column\"><div class=\"wpb_wrapper\"><h3>General information<\/h3>\n<p><strong>Date:<\/strong> 20. September 2025<br \/>\n<strong>Location:<\/strong> Ehrbar Palais, M\u00fchlgasse 30, 1040 Vienna, Austria<\/p>\n<p style=\"font-weight: 400; text-align: justify;\">Vienna Beethoven Competition 2025 f\u00fcr S\u00e4nger*innen ist ein internationaler Gesangswettbewerb, der vom 19. bis 20. September 2025 im Ehrbar Palais in Wien stattfinden wird. Dieser Wettbewerb bietet talentierten S\u00e4nger*innen aus aller Welt die M\u00f6glichkeit, ihr K\u00f6nnen vor einer renommierten Jury zu pr\u00e4sentieren und bedeutende Preise zu gewinnen. Der Wettbewerb ist offen f\u00fcr professionelle S\u00e4nger*innen sowie fortgeschrittene Gesangsstudierende im Alter von 18 bis 45 Jahren.<\/p>\n<p style=\"font-weight: 400; text-align: justify;\">Der Wettbewerb ist in drei spannende Runden unterteilt. In der ersten Runde, die online stattfindet, reichen die Teilnehmer*innen ihre Unterlagen und Aufnahmen zur Bewertung ein. Diese Unterlagen werden von einer erfahrenen Jury gepr\u00fcft. Erfolgreiche Bewerber*innen werden zur zweiten Runde eingeladen, die am 19. September 2025 vor Ort in Wien stattfindet. Diese Runde bietet den Teilnehmer*innen die M\u00f6glichkeit, ihr K\u00f6nnen live zu pr\u00e4sentieren. Das Finale am 20. September 2025 ist gleichzeitig das abschlie\u00dfende Galakonzert und findet \u00a0vor Publikum statt.<\/p>\n<p style=\"font-weight: 400; text-align: justify;\">Die Teilnehmer*innen m\u00fcssen bei der Anmeldung einen Lebenslauf, ein aktuelles Foto, eine Aufnahme von zwei verschiedenen Arien sowie eine Kopie des Reisepasses oder Personalausweises einreichen. Eine Teilnahmegeb\u00fchr von 50 Euro ist ebenfalls bei der Anmeldung zu entrichten. Der Anmeldeschluss ist der 05. September 2025. Mehr Details zur Anmeldung finden Sie weiter unten in den Teilnahmebedingungen.<\/p>\n<p style=\"font-weight: 400; text-align: justify;\">The second round will take place in the historic Ehrbar Palais in Vienna, a venue with excellent acoustics and a long history as a centre for musical events. The 24 participants in the second round will perform live in front of the jury to qualify for the final.<\/p>\n<h3>Allgemeine Informationen 2<\/h3>\n<\/div><\/div><\/div><\/div><\/div><\/div><\/section>","protected":false},"excerpt":{"rendered":"Vienna Beethoven Competition 2025Allgemeine Informationen Datum: 20. September 2025 Ort: Ehrbar Palais, M\u00fchlgasse 30, 1040 Wien, \u00d6sterreich Vienna Beethoven Competition 2025 f\u00fcr S\u00e4nger*innen ist ein internationaler Gesangswettbewerb, der vom 19. bis 20. September 2025 im Ehrbar Palais in Wien stattfinden wird. Dieser Wettbewerb bietet talentierten S\u00e4nger*innen aus aller Welt die M\u00f6glichkeit, ihr K\u00f6nnen vor einer...","protected":false},"author":4,"featured_media":0,"parent":0,"menu_order":0,"comment_status":"closed","ping_status":"closed","template":"","meta":{"footnotes":""},"class_list":["post-9475","page","type-page","status-publish","hentry"],"_links":{"self":[{"href":"https:\/\/www.beethoven.institute\/en\/wp-json\/wp\/v2\/pages\/9475","targetHints":{"allow":["GET"]}}],"collection":[{"href":"https:\/\/www.beethoven.institute\/en\/wp-json\/wp\/v2\/pages"}],"about":[{"href":"https:\/\/www.beethoven.institute\/en\/wp-json\/wp\/v2\/types\/page"}],"author":[{"embeddable":true,"href":"https:\/\/www.beethoven.institute\/en\/wp-json\/wp\/v2\/users\/4"}],"replies":[{"embeddable":true,"href":"https:\/\/www.beethoven.institute\/en\/wp-json\/wp\/v2\/comments?post=9475"}],"version-history":[{"count":99,"href":"https:\/\/www.beethoven.institute\/en\/wp-json\/wp\/v2\/pages\/9475\/revisions"}],"predecessor-version":[{"id":9928,"href":"https:\/\/www.beethoven.institute\/en\/wp-json\/wp\/v2\/pages\/9475\/revisions\/9928"}],"wp:attachment":[{"href":"https:\/\/www.beethoven.institute\/en\/wp-json\/wp\/v2\/media?parent=9475"}],"curies":[{"name":"wp","href":"https:\/\/api.w.org\/{rel}","templated":true}]}}