{"id":9431,"date":"2024-05-20T09:28:46","date_gmt":"2024-05-20T08:28:46","guid":{"rendered":"https:\/\/www.beethoven.institute\/?page_id=9431"},"modified":"2024-05-20T13:02:06","modified_gmt":"2024-05-20T12:02:06","slug":"klavierkonzert_von_jia_li","status":"publish","type":"page","link":"https:\/\/www.beethoven.institute\/en\/klavierkonzert_von_jia_li\/","title":{"rendered":"Piano Concert by Jia Li in the Big Ehrbar Hall"},"content":{"rendered":"<section class=\"l-section wpb_row height_huge\"><div class=\"l-section-overlay\" style=\"background:linear-gradient(0deg,rgba(0,0,0,0.00),rgba(0,0,0,0.05))\"><\/div><div class=\"l-section-h i-cf\"><div class=\"g-cols vc_row via_grid cols_2 laptops-cols_inherit tablets-cols_inherit mobiles-cols_1 valign_top type_default stacking_default\"><div class=\"wpb_column vc_column_container\"><div class=\"vc_column-inner\"><h1 class=\"w-text\"><span class=\"w-text-h\"><span class=\"w-text-value\">Piano Concerto by Jia Li<br \/>in the big Ehrbar hall<\/span><\/span><\/h1><div class=\"w-image align_none\"><div class=\"w-image-h\"><img decoding=\"async\" width=\"1024\" height=\"1024\" src=\"https:\/\/www.beethoven.institute\/wp-content\/uploads\/2024\/05\/vbc_-_jia_li_-_vom_31.08.2024_5000x5000_-_poster_bearbeitet_von_EHA0001-1024x1024.png\" class=\"attachment-large size-large\" alt=\"Klavierkonzert von Jia Li im Gro\u00dfen Ehrbar Saal am 31. August 2024\" loading=\"lazy\" srcset=\"https:\/\/www.beethoven.institute\/wp-content\/uploads\/2024\/05\/vbc_-_jia_li_-_vom_31.08.2024_5000x5000_-_poster_bearbeitet_von_EHA0001-1024x1024.png 1024w, https:\/\/www.beethoven.institute\/wp-content\/uploads\/2024\/05\/vbc_-_jia_li_-_vom_31.08.2024_5000x5000_-_poster_bearbeitet_von_EHA0001-300x300.png 300w, https:\/\/www.beethoven.institute\/wp-content\/uploads\/2024\/05\/vbc_-_jia_li_-_vom_31.08.2024_5000x5000_-_poster_bearbeitet_von_EHA0001-150x150.png 150w, https:\/\/www.beethoven.institute\/wp-content\/uploads\/2024\/05\/vbc_-_jia_li_-_vom_31.08.2024_5000x5000_-_poster_bearbeitet_von_EHA0001-12x12.png 12w, https:\/\/www.beethoven.institute\/wp-content\/uploads\/2024\/05\/vbc_-_jia_li_-_vom_31.08.2024_5000x5000_-_poster_bearbeitet_von_EHA0001-1536x1536.png 1536w, https:\/\/www.beethoven.institute\/wp-content\/uploads\/2024\/05\/vbc_-_jia_li_-_vom_31.08.2024_5000x5000_-_poster_bearbeitet_von_EHA0001-400x400.png 400w, https:\/\/www.beethoven.institute\/wp-content\/uploads\/2024\/05\/vbc_-_jia_li_-_vom_31.08.2024_5000x5000_-_poster_bearbeitet_von_EHA0001-40x40.png 40w\" sizes=\"auto, (max-width: 1024px) 100vw, 1024px\" \/><\/div><\/div><\/div><\/div><div class=\"wpb_column vc_column_container\"><div class=\"vc_column-inner\"><div class=\"wpb_text_column\"><div class=\"wpb_wrapper\"><p style=\"font-weight: 400;\"><strong>Date:<\/strong> 31 August 2024<br \/><strong>Time:<\/strong> Doors open at 19:00, concert starts at 19:30<br \/><strong>Venue:<\/strong> Big Ehrbar Hall, M\u00fchlgasse 30, 1040 Vienna, Austria<\/p>\n<p style=\"font-weight: 400;\"><strong>Experience an unforgettable evening of piano music<\/strong><\/p>\n<p style=\"font-weight: 400; text-align: justify;\">We are delighted to invite you to a special piano concert with the acclaimed Chinese pianist Jia Li on 31 August 2024 at the Big Ehrbar Hall in Vienna. This event promises to be a captivating evening of beautiful music, showcasing Jia Li's exceptional talent and emotional performance style.<\/p>\n<p style=\"font-weight: 400;\"><strong>About Jia Li:<\/strong><\/p>\n<p style=\"font-weight: 400; text-align: justify;\">Jia Li is a renowned concert pianist and guest professor at the Vienna Beethoven Conservatory. In 2022, she was honoured as an \"International Peace Artist\" by the United Nations Foundation for the Safeguarding of the Intangible Cultural Heritage, and her image is featured on postage stamps in several countries.<\/p>\n<p style=\"font-weight: 400; text-align: justify;\">Jia Li's performances around the world have delighted audiences with her blend of Western and Chinese musical traditions. She has played with various symphony orchestras and performed at prestigious venues worldwide. Jia Li's 2023 tour included concerts in Mexico, recitals at the LARIUS International Piano Festival in Italy, the SORRENTO International Music Festival and a special performance at Vienna's Big Ehrbar Hall. She also held a summer masterclass at the Vienna Beethoven Conservatory.<\/p>\n<p style=\"font-weight: 400; text-align: justify;\">In addition to her performances, Jia Li has served as a judge at several prestigious music competitions, including the Swiss International Music Competition and the Tiziano Rossetti International Music Competition. Her artistry has been praised in the international media and she has been recognised as a \"poetic pianist.\"<\/p>\n<p style=\"font-weight: 400; text-align: left;\"><strong>Concert programme:<\/strong><\/p>\n<ol>\n<li style=\"font-weight: 400;\">F. Chopin - Nocturne Nr. 20 in C Sharp Minor (B. 49)<\/li>\n<li style=\"font-weight: 400;\">R. Guang - Colorful Clouds Chasing the Moon<\/li>\n<li style=\"font-weight: 400;\">F. Chopin - Nocturne No. 2 in E Flat Major (Op. 9)<\/li>\n<li style=\"font-weight: 400;\">F. Chopin - Etude No. 1 in C Major (Op. 10)<\/li>\n<li style=\"font-weight: 400;\">F. Chopin - Polonaise No. 6 in A Flat Major 'Heroic' (Op. 53)<\/li>\n<li style=\"font-weight: 400;\">F. Liszt - Rhapsody espagnole for piano (S.254)<\/li>\n<li style=\"font-weight: 400;\">F. Schubert &amp; F. Liszt - Song 'Erkl\u00f6nig' - Piano transcription (S.557a)<\/li>\n<li style=\"font-weight: 400;\">X. Xinghai - Defend the Yellow River<\/li>\n<li style=\"font-weight: 400;\">F. Chopin - Grande Polonaise brillant pr\u00e9c\u00e9d\u00e9e d`un Andante spianato in E Flat Major (Op. 22)<\/li>\n<li style=\"font-weight: 400;\">F. Chopin - Etude No. 25 in A Flat Major (Op. 25)<\/li>\n<li style=\"font-weight: 400;\">E. Grieg - In the Hall of the Mountain King<\/li>\n<\/ol>\n<p style=\"font-weight: 400; text-align: justify;\">This diverse program highlights pieces from Romantic-era composers and Chinese classics, providing a rich and varied listening experience.<\/p>\n<p style=\"font-weight: 400;\">Ticket Information:<\/p>\n<p style=\"font-weight: 400;\">Tickets are available on the following platforms:<\/p>\n<\/div><\/div><div class=\"w-btn-wrapper align_none\"><a class=\"w-btn us-btn-style_1\" href=\"https:\/\/www.eventbrite.at\/e\/klavierkonzert-von-jia-li-im-groen-ehrbar-saal-tickets-909664690577\"><span class=\"w-btn-label\">EVENTBRITE<\/span><\/a><\/div><\/div><\/div><\/div><\/div><\/section>","protected":false},"excerpt":{"rendered":"Klavierkonzert von Jia Liim Gro\u00dfen Ehrbar SaalDatum: 31. August 2024Zeit: Einlass um 19:00 Uhr, Konzertbeginn um 19:30 UhrVeranstaltungsort: Gro\u00dfer Ehrbar Saal, M\u00fchlgasse 30, 1040 Wien, \u00d6sterreich Erleben Sie einen unvergesslichen Abend mit Klaviermusik Wir freuen uns, Sie zu einem besonderen Klavierkonzert mit der gefeierten chinesischen Pianistin Jia Li am 31. August 2024 im Gro\u00dfen Ehrbar...","protected":false},"author":4,"featured_media":0,"parent":0,"menu_order":0,"comment_status":"closed","ping_status":"closed","template":"","meta":{"footnotes":""},"class_list":["post-9431","page","type-page","status-publish","hentry"],"_links":{"self":[{"href":"https:\/\/www.beethoven.institute\/en\/wp-json\/wp\/v2\/pages\/9431","targetHints":{"allow":["GET"]}}],"collection":[{"href":"https:\/\/www.beethoven.institute\/en\/wp-json\/wp\/v2\/pages"}],"about":[{"href":"https:\/\/www.beethoven.institute\/en\/wp-json\/wp\/v2\/types\/page"}],"author":[{"embeddable":true,"href":"https:\/\/www.beethoven.institute\/en\/wp-json\/wp\/v2\/users\/4"}],"replies":[{"embeddable":true,"href":"https:\/\/www.beethoven.institute\/en\/wp-json\/wp\/v2\/comments?post=9431"}],"version-history":[{"count":11,"href":"https:\/\/www.beethoven.institute\/en\/wp-json\/wp\/v2\/pages\/9431\/revisions"}],"predecessor-version":[{"id":9445,"href":"https:\/\/www.beethoven.institute\/en\/wp-json\/wp\/v2\/pages\/9431\/revisions\/9445"}],"wp:attachment":[{"href":"https:\/\/www.beethoven.institute\/en\/wp-json\/wp\/v2\/media?parent=9431"}],"curies":[{"name":"wp","href":"https:\/\/api.w.org\/{rel}","templated":true}]}}