{"id":9728,"date":"2024-07-12T13:14:43","date_gmt":"2024-07-12T12:14:43","guid":{"rendered":"https:\/\/www.beethoven.institute\/?page_id=9728"},"modified":"2024-07-12T14:18:05","modified_gmt":"2024-07-12T13:18:05","slug":"laureaten-galakonzert","status":"publish","type":"page","link":"https:\/\/www.beethoven.institute\/de\/laureaten-galakonzert\/","title":{"rendered":"Laureaten Galakonzert"},"content":{"rendered":"<section class=\"l-section wpb_row height_huge\"><div class=\"l-section-overlay\" style=\"background:linear-gradient(0deg,rgba(0,0,0,0.00),rgba(0,0,0,0.05))\"><\/div><div class=\"l-section-h i-cf\"><div class=\"g-cols vc_row via_grid cols_2 laptops-cols_inherit tablets-cols_inherit mobiles-cols_1 valign_top type_default stacking_default\"><div class=\"wpb_column vc_column_container\"><div class=\"vc_column-inner\"><h1 class=\"w-text us_custom_eb849559\"><span class=\"w-text-h\"><span class=\"w-text-value\">Laureaten Galakonzert<\/span><\/span><\/h1><div class=\"w-image align_none\"><div class=\"w-image-h\"><img decoding=\"async\" width=\"935\" height=\"1024\" src=\"https:\/\/www.beethoven.institute\/wp-content\/uploads\/2024\/07\/Asset-4-1-935x1024.png\" class=\"attachment-large size-large\" alt=\"\" loading=\"lazy\" srcset=\"https:\/\/www.beethoven.institute\/wp-content\/uploads\/2024\/07\/Asset-4-1-935x1024.png 935w, https:\/\/www.beethoven.institute\/wp-content\/uploads\/2024\/07\/Asset-4-1-274x300.png 274w, https:\/\/www.beethoven.institute\/wp-content\/uploads\/2024\/07\/Asset-4-1-11x12.png 11w, https:\/\/www.beethoven.institute\/wp-content\/uploads\/2024\/07\/Asset-4-1-365x400.png 365w, https:\/\/www.beethoven.institute\/wp-content\/uploads\/2024\/07\/Asset-4-1-37x40.png 37w, https:\/\/www.beethoven.institute\/wp-content\/uploads\/2024\/07\/Asset-4-1.png 971w\" sizes=\"auto, (max-width: 935px) 100vw, 935px\" \/><\/div><\/div><\/div><\/div><div class=\"wpb_column vc_column_container\"><div class=\"vc_column-inner\"><div class=\"wpb_text_column\"><div class=\"wpb_wrapper\"><p><strong>Datum:<\/strong> 20. September 2024<br \/><strong>Ort:<\/strong> Gro\u00dfer Ehrbar Saal, M\u00fchlgasse 30, 1040 Wien, \u00d6sterreich<\/p>\n<p style=\"text-align: justify;\">Am Abend des 20. Septembers wird das historische Ehrbar Palais in Wien die B\u00fchne f\u00fcr das mit Spannung erwartete Galakonzert der 12 besten Teilnehmer*innen der Vienna Beethoven Competition 2024 f\u00fcr S\u00e4nger<em>innen. <\/em><\/p>\n<p style=\"text-align: justify;\"><em>Dieses Konzert markiert den H\u00f6hepunkt des Wettbewerbs und bietet den besten S\u00e4nger<\/em>innen die M\u00f6glichkeit, ihr K\u00f6nnen nicht nur vor der hochkar\u00e4tigen Jury, sondern vor einem \u00f6ffentlichen Publikum zu pr\u00e4sentieren.<\/p>\n<p style=\"text-align: justify;\">Seien Sie an diesem speziellen Abend live dabei, wenn die prominente Jury aus den 12 besten S\u00e4nger*innen 3 Preistr\u00e4ger*innen ausw\u00e4hlt. Entdecken Sie mit der Jury die besten Talente und die Stars von Morgen!<\/p>\n<p style=\"text-align: justify;\">Feiern Sie mit uns die Zukunft des Operngesangs!<\/p>\n<p>Weitere Information: <a href=\"mailto:ulli.fuchs@beethoven.institute\">ulli.fuchs@beethoven.institute<\/a><\/p>\n<p><strong>Tickets<\/strong> sind an der <strong>Abendkassa<\/strong> erh\u00e4ltlich, sowie auf folgenden <strong>Plattformen<\/strong>:<\/p>\n<\/div><\/div><div class=\"w-btn-wrapper align_none\"><a class=\"w-btn us-btn-style_1\" href=\"https:\/\/www.eventbrite.at\/e\/laureaten-galakonzert-tickets-946358292127\"><span class=\"w-btn-label\">EVENTBRITE<\/span><\/a><\/div><\/div><\/div><\/div><\/div><\/section>\n","protected":false},"excerpt":{"rendered":"Laureaten GalakonzertDatum: 20. September 2024Ort: Gro\u00dfer Ehrbar Saal, M\u00fchlgasse 30, 1040 Wien, \u00d6sterreich Am Abend des 20. Septembers wird das historische Ehrbar Palais in Wien die B\u00fchne f\u00fcr das mit Spannung erwartete Galakonzert der 12 besten Teilnehmer*innen der Vienna Beethoven Competition 2024 f\u00fcr S\u00e4ngerinnen. Dieses Konzert markiert den H\u00f6hepunkt des Wettbewerbs und bietet den besten...","protected":false},"author":4,"featured_media":0,"parent":0,"menu_order":0,"comment_status":"closed","ping_status":"closed","template":"","meta":{"footnotes":""},"class_list":["post-9728","page","type-page","status-publish","hentry"],"_links":{"self":[{"href":"https:\/\/www.beethoven.institute\/de\/wp-json\/wp\/v2\/pages\/9728","targetHints":{"allow":["GET"]}}],"collection":[{"href":"https:\/\/www.beethoven.institute\/de\/wp-json\/wp\/v2\/pages"}],"about":[{"href":"https:\/\/www.beethoven.institute\/de\/wp-json\/wp\/v2\/types\/page"}],"author":[{"embeddable":true,"href":"https:\/\/www.beethoven.institute\/de\/wp-json\/wp\/v2\/users\/4"}],"replies":[{"embeddable":true,"href":"https:\/\/www.beethoven.institute\/de\/wp-json\/wp\/v2\/comments?post=9728"}],"version-history":[{"count":9,"href":"https:\/\/www.beethoven.institute\/de\/wp-json\/wp\/v2\/pages\/9728\/revisions"}],"predecessor-version":[{"id":9746,"href":"https:\/\/www.beethoven.institute\/de\/wp-json\/wp\/v2\/pages\/9728\/revisions\/9746"}],"wp:attachment":[{"href":"https:\/\/www.beethoven.institute\/de\/wp-json\/wp\/v2\/media?parent=9728"}],"curies":[{"name":"wp","href":"https:\/\/api.w.org\/{rel}","templated":true}]}}