{"id":9431,"date":"2024-05-20T09:28:46","date_gmt":"2024-05-20T08:28:46","guid":{"rendered":"https:\/\/www.beethoven.institute\/?page_id=9431"},"modified":"2024-05-20T13:02:06","modified_gmt":"2024-05-20T12:02:06","slug":"klavierkonzert_von_jia_li","status":"publish","type":"page","link":"https:\/\/www.beethoven.institute\/de\/klavierkonzert_von_jia_li\/","title":{"rendered":"Klavierkonzert von Jia Li im Gro\u00dfen Ehrbar Saal"},"content":{"rendered":"<section class=\"l-section wpb_row height_huge\"><div class=\"l-section-overlay\" style=\"background:linear-gradient(0deg,rgba(0,0,0,0.00),rgba(0,0,0,0.05))\"><\/div><div class=\"l-section-h i-cf\"><div class=\"g-cols vc_row via_grid cols_2 laptops-cols_inherit tablets-cols_inherit mobiles-cols_1 valign_top type_default stacking_default\"><div class=\"wpb_column vc_column_container\"><div class=\"vc_column-inner\"><h1 class=\"w-text\"><span class=\"w-text-h\"><span class=\"w-text-value\">Klavierkonzert von Jia Li<br \/>im Gro\u00dfen Ehrbar Saal<\/span><\/span><\/h1><div class=\"w-image align_none\"><div class=\"w-image-h\"><img decoding=\"async\" width=\"1024\" height=\"1024\" src=\"https:\/\/www.beethoven.institute\/wp-content\/uploads\/2024\/05\/vbc_-_jia_li_-_vom_31.08.2024_5000x5000_-_poster_bearbeitet_von_EHA0001-1024x1024.png\" class=\"attachment-large size-large\" alt=\"Klavierkonzert von Jia Li im Gro\u00dfen Ehrbar Saal am 31. August 2024\" loading=\"lazy\" srcset=\"https:\/\/www.beethoven.institute\/wp-content\/uploads\/2024\/05\/vbc_-_jia_li_-_vom_31.08.2024_5000x5000_-_poster_bearbeitet_von_EHA0001-1024x1024.png 1024w, https:\/\/www.beethoven.institute\/wp-content\/uploads\/2024\/05\/vbc_-_jia_li_-_vom_31.08.2024_5000x5000_-_poster_bearbeitet_von_EHA0001-300x300.png 300w, https:\/\/www.beethoven.institute\/wp-content\/uploads\/2024\/05\/vbc_-_jia_li_-_vom_31.08.2024_5000x5000_-_poster_bearbeitet_von_EHA0001-150x150.png 150w, https:\/\/www.beethoven.institute\/wp-content\/uploads\/2024\/05\/vbc_-_jia_li_-_vom_31.08.2024_5000x5000_-_poster_bearbeitet_von_EHA0001-12x12.png 12w, https:\/\/www.beethoven.institute\/wp-content\/uploads\/2024\/05\/vbc_-_jia_li_-_vom_31.08.2024_5000x5000_-_poster_bearbeitet_von_EHA0001-1536x1536.png 1536w, https:\/\/www.beethoven.institute\/wp-content\/uploads\/2024\/05\/vbc_-_jia_li_-_vom_31.08.2024_5000x5000_-_poster_bearbeitet_von_EHA0001-400x400.png 400w, https:\/\/www.beethoven.institute\/wp-content\/uploads\/2024\/05\/vbc_-_jia_li_-_vom_31.08.2024_5000x5000_-_poster_bearbeitet_von_EHA0001-40x40.png 40w\" sizes=\"auto, (max-width: 1024px) 100vw, 1024px\" \/><\/div><\/div><\/div><\/div><div class=\"wpb_column vc_column_container\"><div class=\"vc_column-inner\"><div class=\"wpb_text_column\"><div class=\"wpb_wrapper\"><p style=\"font-weight: 400;\"><strong>Datum:<\/strong> 31. August 2024<br \/><strong>Zeit:<\/strong> Einlass um 19:00 Uhr, Konzertbeginn um 19:30 Uhr<br \/><strong>Veranstaltungsort:<\/strong> Gro\u00dfer Ehrbar Saal, M\u00fchlgasse 30, 1040 Wien, \u00d6sterreich<\/p>\n<p style=\"font-weight: 400;\"><strong>Erleben Sie einen unvergesslichen Abend mit Klaviermusik<\/strong><\/p>\n<p style=\"font-weight: 400; text-align: justify;\">Wir freuen uns, Sie zu einem besonderen Klavierkonzert mit der gefeierten chinesischen Pianistin Jia Li am 31. August 2024 im Gro\u00dfen Ehrbar Saal in Wien einzuladen. Dieses Ereignis verspricht einen fesselnden Abend mit wundersch\u00f6ner Musik, die Jia Lis au\u00dfergew\u00f6hnliches Talent und ihren emotionalen Auff\u00fchrungsstil zur Geltung bringt.<\/p>\n<p style=\"font-weight: 400;\"><strong>\u00dcber Jia Li:<\/strong><\/p>\n<p style=\"font-weight: 400; text-align: justify;\">Jia Li ist eine angesehene Konzertpianistin und Gastprofessorin am Vienna Beethoven Conservatory. Im Jahr 2022 wurde sie von der Stiftung der Vereinten Nationen zum Schutz des immateriellen Kulturerbes als &#8222;International Peace Artist&#8220; ausgezeichnet, und ihr Bild ist auf Briefmarken mehrerer L\u00e4nder abgebildet.<\/p>\n<p style=\"font-weight: 400; text-align: justify;\">Jia Lis Auftritte auf der ganzen Welt haben das Publikum mit ihrer Mischung aus westlicher und chinesischer Musiktradition begeistert. Sie hat mit verschiedenen Sinfonieorchestern gespielt und an renommierten Veranstaltungsorten weltweit aufgetreten. Jia Lis Tournee 2023 umfasste Konzerte in Mexiko, Rezitale beim LARIUS International Piano Festival in Italien, dem SORRENTO International Music Festival und einen besonderen Auftritt im Wiener Gro\u00dfen Ehrbar Saal. Sie leitete auch eine Sommer Meisterklasse am Vienna Beethoven Conservatory.<\/p>\n<p style=\"font-weight: 400; text-align: justify;\">Neben ihren Auftritten hat Jia Li als Jury bei mehreren renommierten Musikwettbewerben, darunter dem Schweizer Internationalen Musikwettbewerb und dem Tiziano Rossetti International Music Competition, gedient. Ihre Kunstfertigkeit wurde in den internationalen Medien gelobt und sie erhielt die Anerkennung als &#8222;poetische Pianistin.&#8220;<\/p>\n<p style=\"font-weight: 400; text-align: left;\"><strong>Konzertprogramm:<\/strong><\/p>\n<ol>\n<li style=\"font-weight: 400;\">F. Chopin &#8211; Nocturne Nr. 20 in Cis-Moll (B. 49)<\/li>\n<li style=\"font-weight: 400;\">R. Guang &#8211; Farbige Wolken jagen den Mond<\/li>\n<li style=\"font-weight: 400;\">F. Chopin &#8211; Nocturne Nr. 2 in Es-Dur (Op. 9)<\/li>\n<li style=\"font-weight: 400;\">F. Chopin &#8211; Et\u00fcde Nr. 1 in C-Dur (Op. 10)<\/li>\n<li style=\"font-weight: 400;\">F. Chopin &#8211; Polonaise Nr. 6 in As-Dur &#8218;Heroische&#8216; (Op. 53)<\/li>\n<li style=\"font-weight: 400;\">F. Liszt &#8211; Rhapsodie espagnole f\u00fcr Klavier (S.254)<\/li>\n<li style=\"font-weight: 400;\">F. Schubert &amp; F. Liszt &#8211; Lied &#8218;Erlk\u00f6nig&#8216; &#8211; Klaviertranskription (S.557a)<\/li>\n<li style=\"font-weight: 400;\">X. Xinghai &#8211; Verteidigt den Gelben Fluss<\/li>\n<li style=\"font-weight: 400;\">F. Chopin &#8211; Gro\u00dfe Polonaise brillante vorangegangen von einem Andante spianato in Es-Dur (Op. 22)<\/li>\n<li style=\"font-weight: 400;\">F. Chopin &#8211; Et\u00fcde Nr. 25 in As-Dur (Op. 25)<\/li>\n<li style=\"font-weight: 400;\">E. Grieg &#8211; In der Halle des Bergk\u00f6nigs<\/li>\n<\/ol>\n<p style=\"font-weight: 400; text-align: justify;\">Dieses vielf\u00e4ltige Programm hebt Werke von Komponisten der Romantik und chinesische Klassiker hervor und bietet ein reichhaltiges und abwechslungsreiches H\u00f6rerlebnis.<\/p>\n<p style=\"font-weight: 400;\">Ticketinformationen:<\/p>\n<p style=\"font-weight: 400;\">Tickets sind auf den folgenden Plattformen erh\u00e4ltlich:<\/p>\n<\/div><\/div><div class=\"w-btn-wrapper align_none\"><a class=\"w-btn us-btn-style_1\" href=\"https:\/\/www.eventbrite.at\/e\/klavierkonzert-von-jia-li-im-groen-ehrbar-saal-tickets-909664690577\"><span class=\"w-btn-label\">EVENTBRITE<\/span><\/a><\/div><\/div><\/div><\/div><\/div><\/section>\n","protected":false},"excerpt":{"rendered":"Klavierkonzert von Jia Liim Gro\u00dfen Ehrbar SaalDatum: 31. August 2024Zeit: Einlass um 19:00 Uhr, Konzertbeginn um 19:30 UhrVeranstaltungsort: Gro\u00dfer Ehrbar Saal, M\u00fchlgasse 30, 1040 Wien, \u00d6sterreich Erleben Sie einen unvergesslichen Abend mit Klaviermusik Wir freuen uns, Sie zu einem besonderen Klavierkonzert mit der gefeierten chinesischen Pianistin Jia Li am 31. August 2024 im Gro\u00dfen Ehrbar...","protected":false},"author":4,"featured_media":0,"parent":0,"menu_order":0,"comment_status":"closed","ping_status":"closed","template":"","meta":{"footnotes":""},"class_list":["post-9431","page","type-page","status-publish","hentry"],"_links":{"self":[{"href":"https:\/\/www.beethoven.institute\/de\/wp-json\/wp\/v2\/pages\/9431","targetHints":{"allow":["GET"]}}],"collection":[{"href":"https:\/\/www.beethoven.institute\/de\/wp-json\/wp\/v2\/pages"}],"about":[{"href":"https:\/\/www.beethoven.institute\/de\/wp-json\/wp\/v2\/types\/page"}],"author":[{"embeddable":true,"href":"https:\/\/www.beethoven.institute\/de\/wp-json\/wp\/v2\/users\/4"}],"replies":[{"embeddable":true,"href":"https:\/\/www.beethoven.institute\/de\/wp-json\/wp\/v2\/comments?post=9431"}],"version-history":[{"count":11,"href":"https:\/\/www.beethoven.institute\/de\/wp-json\/wp\/v2\/pages\/9431\/revisions"}],"predecessor-version":[{"id":9445,"href":"https:\/\/www.beethoven.institute\/de\/wp-json\/wp\/v2\/pages\/9431\/revisions\/9445"}],"wp:attachment":[{"href":"https:\/\/www.beethoven.institute\/de\/wp-json\/wp\/v2\/media?parent=9431"}],"curies":[{"name":"wp","href":"https:\/\/api.w.org\/{rel}","templated":true}]}}