{"id":8067,"date":"2021-09-16T13:31:12","date_gmt":"2021-09-16T13:31:12","guid":{"rendered":"https:\/\/www.beethoven.institute\/?page_id=8067"},"modified":"2024-02-22T22:59:59","modified_gmt":"2024-02-22T21:59:59","slug":"beethoven-und-wien","status":"publish","type":"page","link":"https:\/\/www.beethoven.institute\/de\/beethoven-und-wien\/","title":{"rendered":"Beethoven und Wien"},"content":{"rendered":"<section class=\"l-section wpb_row us_custom_9ea1a893 hide_on_mobiles height_custom with_img with_shape\" id=\"hero-desktop\"><div class=\"l-section-img\" role=\"img\" aria-label=\"Bild\" data-img-width=\"1440\" data-img-height=\"574\" style=\"background-image: url(https:\/\/www.beethoven.institute\/wp-content\/uploads\/2021\/09\/beethoven-konservatorium-studienrichtungen-2.jpg);background-position: bottom right;background-repeat: no-repeat;\"><\/div><div class=\"l-section-shape type_triangle-2-inv pos_top hor_flip\" style=\"height:5vh;color:var(--color-header-middle-bg)\"><svg xmlns=\"http:\/\/www.w3.org\/2000\/svg\" viewBox=\"0 0 64 8\" preserveAspectRatio=\"none\" width=\"100%\" height=\"100%\">\r\n\t<path fill=\"currentColor\" d=\"M64 9 L0 9 L0 7.9 L48 0 L64 7.9 Z\"\/>\r\n<\/svg><\/div><div class=\"l-section-h i-cf\"><div class=\"g-cols vc_row via_grid cols_1 laptops-cols_inherit tablets-cols_inherit mobiles-cols_1 valign_top type_default stacking_default\"><div class=\"wpb_column vc_column_container\"><div class=\"vc_column-inner\"><div class=\"w-separator size_custom\" style=\"height:30vh\"><\/div><\/div><\/div><\/div><\/div><\/section><section class=\"l-section wpb_row us_custom_5944c623 hide_on_mobiles height_custom with_img\" id=\"1st-desktop-mitGrafikBG\"><div class=\"l-section-img\" role=\"img\" aria-label=\"Bild\" data-img-width=\"1200\" data-img-height=\"300\" style=\"background-image: url(https:\/\/www.beethoven.institute\/wp-content\/uploads\/2021\/10\/menu_transparent_mitte.png);background-position: top center;background-repeat: no-repeat;background-size: auto;\"><\/div><div class=\"l-section-h i-cf\"><div class=\"g-cols vc_row via_grid cols_1 laptops-cols_inherit tablets-cols_inherit mobiles-cols_1 valign_top type_default stacking_default\"><div class=\"wpb_column vc_column_container\"><div class=\"vc_column-inner\"><div class=\"wpb_text_column\"><div class=\"wpb_wrapper\"><h1 style=\"text-align: center;\">Beethoven und Wien &#8211; eine Symbiose<\/h1>\n<\/div><\/div><div class=\"w-separator size_medium\"><\/div><div class=\"w-image align_center\"><div class=\"w-image-h\"><img decoding=\"async\" width=\"820\" height=\"2\" src=\"https:\/\/www.beethoven.institute\/wp-content\/uploads\/2021\/09\/trennlinie-breit.png\" class=\"attachment-full size-full\" alt=\"\" loading=\"lazy\" srcset=\"https:\/\/www.beethoven.institute\/wp-content\/uploads\/2021\/09\/trennlinie-breit.png 820w, https:\/\/www.beethoven.institute\/wp-content\/uploads\/2021\/09\/trennlinie-breit-300x1.png 300w, https:\/\/www.beethoven.institute\/wp-content\/uploads\/2021\/09\/trennlinie-breit-150x2.png 150w, https:\/\/www.beethoven.institute\/wp-content\/uploads\/2021\/09\/trennlinie-breit-600x1.png 600w, https:\/\/www.beethoven.institute\/wp-content\/uploads\/2021\/09\/trennlinie-breit-20x1.png 20w, https:\/\/www.beethoven.institute\/wp-content\/uploads\/2021\/09\/trennlinie-breit-40x1.png 40w, https:\/\/www.beethoven.institute\/wp-content\/uploads\/2021\/09\/trennlinie-breit-18x1.png 18w\" sizes=\"auto, (max-width: 820px) 100vw, 820px\" \/><\/div><\/div><\/div><\/div><\/div><\/div><\/section><section class=\"l-section wpb_row height_auto\"><div class=\"l-section-h i-cf\"><div class=\"g-cols vc_row via_grid cols_1 laptops-cols_inherit tablets-cols_inherit mobiles-cols_1 valign_top type_default stacking_default\"><div class=\"wpb_column vc_column_container\"><div class=\"vc_column-inner\"><div class=\"wpb_text_column\"><div class=\"wpb_wrapper\"><h2>Im Bann einer \u201emusiktrunkenen\u201c Stadt<\/h2>\n<p>Die Symbiose von<em>\u00a0Beethoven<\/em> und Wien\u00a0z\u00e4hlt wohl zu den fruchtbarsten, die je zwischen einem\/einer K\u00fcnstler:in und seiner\/ihrer Wahlheimat entstanden ist. Der Ort und seine Umgebung \u201emacht\u201c etwas mit einem Menschen. Nat\u00fcrlich hat sich in 200 Jahren vieles ge\u00e4ndert. Aber ein gewisses\u00a0<strong>Lebensgef\u00fchl,<\/strong>\u00a0die grundlegende\u00a0<strong>Mentalit\u00e4t<\/strong>\u00a0<strong>der Menschen<\/strong>\u00a0und die\u00a0<strong>Ausstrahlung<\/strong>\u00a0<strong>einer Stadt<\/strong>\u00a0bleiben tendenziell gleich bzw. lassen sich jedenfalls hier am besten nachvollziehen und zur\u00fcckverfolgen \u2013 in dieser Stadt, mit der ihr eigenen Pflege ihrer Tradition.<\/p>\n<p>Sowohl das rege\u00a0Interesse\u00a0und die\u00a0F\u00f6rderung, die <em>Beethoven<\/em> in Wien zuteil wurden, als auch die damals in ganz Europa ber\u00fchmte \u201emusiktrunkene\u201c\u00a0Stimmung\u00a0in der Bev\u00f6lkerung dieser Stadt waren inspirierend f\u00fcr den Virtuosen und Komponisten <em>Beethoven<\/em>. Bis heute hat sich Wien eine besondere Anziehungskraft auf Musiker:innen erhalten.<\/p>\n<\/div><\/div><div class=\"w-separator size_huge\"><\/div><\/div><\/div><\/div><\/div><\/section><section class=\"l-section wpb_row height_custom color_primary with_img with_shape\" id=\"flettebg-3spaltig\"><div class=\"l-section-img\" role=\"img\" aria-label=\"Bild\" data-img-width=\"1920\" data-img-height=\"1920\" style=\"background-image: url(https:\/\/www.beethoven.institute\/wp-content\/uploads\/2021\/10\/bg_1920px.jpg);\"><\/div><div class=\"l-section-shape type_triangle-2-inv pos_top hor_flip\" style=\"height:5vh;\"><svg xmlns=\"http:\/\/www.w3.org\/2000\/svg\" viewBox=\"0 0 64 8\" preserveAspectRatio=\"none\" width=\"100%\" height=\"100%\">\r\n\t<path fill=\"currentColor\" d=\"M64 9 L0 9 L0 7.9 L48 0 L64 7.9 Z\"\/>\r\n<\/svg><\/div><div class=\"l-section-shape type_triangle-2 pos_bottom hor_flip\" style=\"height:5vh;\"><svg xmlns=\"http:\/\/www.w3.org\/2000\/svg\" viewBox=\"0 0 64 8\" preserveAspectRatio=\"none\" width=\"100%\" height=\"100%\">\r\n\t<path fill=\"currentColor\" d=\"M64 8 L0 8 L0 0 L48 7.9 L64 0 Z\"\/>\r\n<\/svg><\/div><div class=\"l-section-h i-cf\"><div class=\"g-cols vc_row via_grid cols_3 laptops-cols_inherit tablets-cols_inherit mobiles-cols_1 valign_top type_default stacking_default\"><div class=\"wpb_column vc_column_container\"><div class=\"vc_column-inner\"><div class=\"w-separator hide_on_default hide_on_laptops hide_on_tablets size_large\"><\/div><div class=\"w-image has_ratio align_none\"><div class=\"w-image-h\"><div style=\"padding-bottom:56.25%\"><\/div><img decoding=\"async\" width=\"600\" height=\"375\" src=\"https:\/\/www.beethoven.institute\/wp-content\/uploads\/2021\/10\/wien-und-beethoven-1.jpg\" class=\"attachment-full size-full\" alt=\"\" loading=\"lazy\" \/><\/div><\/div><div class=\"w-separator size_small\"><\/div><div class=\"wpb_text_column\"><div class=\"wpb_wrapper\"><p><strong>BEETHOVEN.<\/strong>\u00a0Synonym f\u00fcr Kraft, Konzentration, Wille, Begabung, Arbeitseifer, Selbstreflexion und den stetigen Drang, sich immer weiter zu entwickeln.<\/p>\n<\/div><\/div><\/div><\/div><div class=\"wpb_column vc_column_container\"><div class=\"vc_column-inner\"><div class=\"w-image has_ratio align_none\"><div class=\"w-image-h\"><div style=\"padding-bottom:56.25%\"><\/div><img decoding=\"async\" width=\"600\" height=\"375\" src=\"https:\/\/www.beethoven.institute\/wp-content\/uploads\/2021\/10\/wien-und-beethoven-2.jpg\" class=\"attachment-full size-full\" alt=\"\" loading=\"lazy\" \/><\/div><\/div><div class=\"w-separator size_small\"><\/div><div class=\"wpb_text_column\"><div class=\"wpb_wrapper\"><p><strong>BEETHOVEN.<\/strong>\u00a0Eine der herausragendsten Pers\u00f6nlichkeiten unter den zahlreichen Musiker:innen, welche die <strong>Musikstadt\u00a0Wien\u00a0<\/strong>in ihren Bann gezogen hat und die hier ihre k\u00fcnstlerische und pers\u00f6nliche Heimat gefunden haben.<\/p>\n<\/div><\/div><\/div><\/div><div class=\"wpb_column vc_column_container\"><div class=\"vc_column-inner\"><div class=\"w-image has_ratio align_none\"><div class=\"w-image-h\"><div style=\"padding-bottom:56.25%\"><\/div><img decoding=\"async\" width=\"600\" height=\"375\" src=\"https:\/\/www.beethoven.institute\/wp-content\/uploads\/2021\/10\/wien-und-beethoven-3.jpg\" class=\"attachment-full size-full\" alt=\"\" loading=\"lazy\" \/><\/div><\/div><div class=\"w-separator size_small\"><\/div><div class=\"wpb_text_column\"><div class=\"wpb_wrapper\"><p><strong>BEETHOVEN.<\/strong>\u00a0Vision\u00e4r, Humanist und der erste, gro\u00dfe freie, unabh\u00e4ngige Komponist.<br \/>\nEin Leitbild f\u00fcr alle Menschen, die sich ernsthaft der Aus\u00fcbung bzw. dem Erschaffen von Musik verschreiben wollen.<\/p>\n<\/div><\/div><\/div><\/div><\/div><\/div><\/section><section class=\"l-section wpb_row height_custom\" id=\"zeile-mit-text\"><div class=\"l-section-h i-cf\"><div class=\"g-cols vc_row via_grid cols_1 laptops-cols_inherit tablets-cols_inherit mobiles-cols_1 valign_top type_default stacking_default\"><div class=\"wpb_column vc_column_container\"><div class=\"vc_column-inner\"><div class=\"wpb_text_column\"><div class=\"wpb_wrapper\"><h2>Die Natur rund um Wien als Inspirationsquelle<\/h2>\n<p>Nicht zuletzt hat auch der Zauber der\u00a0Naturrund um die Stadt auf den Komponisten \u00e4u\u00dferst anregend gewirkt und damit zur\u00a0Entstehung unverg\u00e4nglicher Meisterwerken\u00a0beigetragen.\u00a0<em>Beethoven<\/em> nutzte jede Gelegenheit, um ausgedehnte Spazierg\u00e4nge in der Umgebung Wiens zu machen. Es gibt noch vereinzelte alte B\u00e4ume, an welchen <em>Beethoven<\/em> m\u00f6glicherweise vorbei gegangen ist \u2013 vielleicht hat er sich an den einen oder anderen sogar angelehnt, wenn er neue Gedanken in seinem Skizzenbuch notiert hat. Ein namhafter Professor in Wien sagte einmal sehr treffend zu einer Studentin aus \u00dcbersee, die ein Werk aus <em>Beethovens<\/em> Zeit zwar technisch gut spielte, aber nicht \u201eden richtigen Ton\u201c in ihrer Interpretation traf: \u201eGehen Sie in den Wienerwald, und danach spielen Sie mir das St\u00fcck wieder vor.\u201c<\/p>\n<h2>Vielseitiges, reiches musikalisches Erbe<\/h2>\n<p>Vieles kann man in der Musik lernen und intellektuell erfassen. Aber manche wichtige Offenbarungen der Kunst lassen sich nur ersp\u00fcren. Dazu geh\u00f6rt auch das pers\u00f6nlichen Erleben der Atmosph\u00e4re am Wirkungsort von K\u00fcnstler:innen. Wir behaupten: <em>Beethoven<\/em> h\u00e4tte in einer anderen Stadt andere Musik geschrieben.<\/p>\n<p>In Wien kann man nachempfinden und nachforschen, welches musikalische Erbe der junge <em>Beethoven<\/em> von seinem Vorbild,\u00a0<em>W. A. Mozart<\/em>,\u00a0und von seinem Lehrer,\u00a0<em>Joseph Haydn<\/em>,\u00a0\u00fcbernommen hat. Hier kann man erahnen, in welcher Umgebung <em>Beethoven<\/em> und sein j\u00fcngerer Kollege\u00a0<em>Franz Schubert<\/em>\u00a0komponiert haben.<\/p>\n<h2>&#8230;und die Tradition setzt sich fort<\/h2>\n<p>Die Tradition Beethovens hat sich in Wien unmittelbar fortgesetzt und auf Pers\u00f6nlichkeiten wie Beethovens Enkelsch\u00fcler\u00a0<em>Franz Liszt<\/em>,\u00a0seinen geistigen Nachfolger\u00a0<em>Johannes Brahms,\u00a0<\/em>den f\u00fcr die Beethoven-Rezeption so wesentlichen\u00a0<em>Gustav Mahler<\/em> und auf viele andere Meister \u00fcbertragen. Zeugnisse daf\u00fcr finden sich in unz\u00e4hligen musikalischen Einrichtungen, Komponisten-Gedenkst\u00e4tten, Archiven, Bibliotheken, Konzerth\u00e4usern sowie Kirchen \u2013\u00a0 und nicht zuletzt auf den Friedh\u00f6fen, auf denen neben Beethoven viele andere gro\u00dfe Komponisten ihre letzte Ruhe gefunden haben.<\/p>\n<p>Der Lauf der Wiener Tradition geht weiter. Er f\u00fchrt \u00fcber die \u201eZweite Wiener Schule\u201c von <em>Arnold<\/em> <em>Sch\u00f6nberg<\/em>, <em>Alban Berg<\/em> und <em>Anton Webern<\/em> \u2013 die sogenannte \u201eWiege der Zw\u00f6lftonmusik\u201c \u2013 in die heutige Zeit mit ihrem vielf\u00e4ltigen kompositorischen Schaffen.<\/p>\n<\/div><\/div><\/div><\/div><\/div><\/div><\/section>\n","protected":false},"excerpt":{"rendered":"Beethoven und Wien &#8211; eine Symbiose Im Bann einer \u201emusiktrunkenen\u201c Stadt Die Symbiose von\u00a0Beethoven und Wien\u00a0z\u00e4hlt wohl zu den fruchtbarsten, die je zwischen einem\/einer K\u00fcnstler:in und seiner\/ihrer Wahlheimat entstanden ist. Der Ort und seine Umgebung \u201emacht\u201c etwas mit einem Menschen. Nat\u00fcrlich hat sich in 200 Jahren vieles ge\u00e4ndert. Aber ein gewisses\u00a0Lebensgef\u00fchl,\u00a0die grundlegende\u00a0Mentalit\u00e4t\u00a0der Menschen\u00a0und die\u00a0Ausstrahlung\u00a0einer Stadt\u00a0bleiben...","protected":false},"author":4,"featured_media":0,"parent":0,"menu_order":15,"comment_status":"closed","ping_status":"closed","template":"","meta":{"footnotes":""},"class_list":["post-8067","page","type-page","status-publish","hentry"],"_links":{"self":[{"href":"https:\/\/www.beethoven.institute\/de\/wp-json\/wp\/v2\/pages\/8067","targetHints":{"allow":["GET"]}}],"collection":[{"href":"https:\/\/www.beethoven.institute\/de\/wp-json\/wp\/v2\/pages"}],"about":[{"href":"https:\/\/www.beethoven.institute\/de\/wp-json\/wp\/v2\/types\/page"}],"author":[{"embeddable":true,"href":"https:\/\/www.beethoven.institute\/de\/wp-json\/wp\/v2\/users\/4"}],"replies":[{"embeddable":true,"href":"https:\/\/www.beethoven.institute\/de\/wp-json\/wp\/v2\/comments?post=8067"}],"version-history":[{"count":25,"href":"https:\/\/www.beethoven.institute\/de\/wp-json\/wp\/v2\/pages\/8067\/revisions"}],"predecessor-version":[{"id":8991,"href":"https:\/\/www.beethoven.institute\/de\/wp-json\/wp\/v2\/pages\/8067\/revisions\/8991"}],"wp:attachment":[{"href":"https:\/\/www.beethoven.institute\/de\/wp-json\/wp\/v2\/media?parent=8067"}],"curies":[{"name":"wp","href":"https:\/\/api.w.org\/{rel}","templated":true}]}}