{"id":3,"date":"2021-08-24T13:04:44","date_gmt":"2021-08-24T13:04:44","guid":{"rendered":"http:\/\/www.beethoven.institute\/?page_id=3"},"modified":"2024-02-22T22:59:13","modified_gmt":"2024-02-22T21:59:13","slug":"datenschutzerklaerung","status":"publish","type":"page","link":"https:\/\/www.beethoven.institute\/de\/datenschutzerklaerung\/","title":{"rendered":"Datenschutzerkl\u00e4rung"},"content":{"rendered":"<section class=\"l-section wpb_row height_custom\"><div class=\"l-section-h i-cf\"><div class=\"g-cols vc_row via_grid cols_1 laptops-cols_inherit tablets-cols_inherit mobiles-cols_1 valign_top type_default stacking_default\"><div class=\"wpb_column vc_column_container\"><div class=\"vc_column-inner\"><div class=\"wpb_text_column\"><div class=\"wpb_wrapper\"><h5><strong>Verantwortliche im Sinne der Datenschutzgesetze:<\/strong><\/h5>\n<p>Beethoven Conservatory of Vienna GmbH<br \/>\n\u2013 vertreten durch Mag. Siranush Galoyan-Tkachenko und Peter Pointner<br \/>\nM\u00fchlgasse 28-30, 1040 Wien (\u00d6sterreich)<\/p>\n<p>Tel.: +43 1\u00a0367 37 17<br \/>\nE-mail. <a href=\"mailto:office@beethoven.institute\">office@beethoven.institute<\/a><\/p>\n<p>Der Schutz Ihrer Daten ist uns sehr wichtig. Diese Datenschutzbestimmung erl\u00e4utert, welche pers\u00f6nlichen Daten die Beethoven Conservatory of Vienna GmbH im Rahmen der Website durch Interaktionen mit Ihnen oder durch unsere Leistungen erhebt und wie wir diese Daten verwenden.<\/p>\n<p>Wir halten die Datenschutzrichtlinien und Datenschutzverfahren nicht nur ein, um den gesetzlichen Bestimmungen zu entsprechen \u2013 sondern auch um eine Vertrauensbasis zu gew\u00e4hrleisten. Wir verarbeiten Ihre Daten ausschlie\u00dflich auf Grundlage der gesetzlichen Bestimmungen (DSGVO, DSG 2018, TKG 2003). In diesen Datenschutzinformationen informieren wir Sie \u00fcber die wichtigsten Aspekte der Datenverarbeitung im Rahmen unserer Website.<\/p>\n<h5><strong>\u00c4nderung unserer Datenschutzbestimmungen<\/strong><\/h5>\n<p>Wir behalten uns vor, diese Datenschutzerkl\u00e4rung gelegentlich anzupassen, damit sie stets den aktuellen rechtlichen Anforderungen entspricht oder um \u00c4nderungen unserer Leistungen in der Datenschutzerkl\u00e4rung umzusetzen, z.B. bei der Einf\u00fchrung neuer Services. F\u00fcr Ihren erneuten Besuch gilt dann die neue Datenschutzerkl\u00e4rung.<\/p>\n<h5><strong>Erfassung allgemeiner Informationen<\/strong><\/h5>\n<p>Aus technischen Gr\u00fcnden werden u.a. folgende Daten, die Ihr Internet-Browser an uns bzw. an unseren Webspace-Provider \u00fcbermittelt, erfasst (sogenannte Serverlogfiles):<\/p>\n<p>\u2013 Browsertyp und -version<br \/>\n\u2013 verwendetes Betriebssystem<br \/>\n\u2013 Webseite, von der aus Sie uns besuchen (Referrer URL)<br \/>\n\u2013 Webseite, die Sie besuchen<br \/>\n\u2013 Datum und Uhrzeit Ihres Zugriffs<br \/>\n\u2013 Ihre Internet Protokoll (IP)-Adresse<\/p>\n<p>Diese anonymen Daten werden getrennt von Ihren eventuell angegebenen personenbezogenen Daten gespeichert und lassen so keine R\u00fcckschl\u00fcsse auf eine bestimmte Person zu. Sie werden zu statistischen Zwecken ausgewertet, um unseren Internetauftritt und unsere Angebote optimieren zu k\u00f6nnen.<\/p>\n<h5><strong>Welche Daten werden verarbeitet und aus welchen Quellen stammen diese?<\/strong><\/h5>\n<p>Wir erfassen keinerlei personenbezogene Daten, au\u00dfer wenn Sie uns solche Daten mit Ihrer ausdr\u00fccklichen Zustimmung zur Verf\u00fcgung stellen.<\/p>\n<p>Wir erfassen personenbezogene Daten zum Beispiel im Zuge folgender Aktivit\u00e4ten: Anfragen \u00fcber das Kontaktformular, Anfragen via E-Mail, Anfragen via Telefon, pers\u00f6nlich bekannt gemachten Informationen (z.B. mittels Visitkarte).<\/p>\n<p>Wir verwenden personenbezogene Daten zum Beispiel f\u00fcr folgende Zwecke: Erf\u00fcllung vertraglicher Leistungen, Erf\u00fcllung rechtlicher Verpflichtungen, um die Nutzung bestimmter Funktionen unserer L\u00f6sungen zu erm\u00f6glichen, um gew\u00fcnschte Dienstleistungen zu erbringen, f\u00fcr die Verwaltung von Stellenbewerbungen.<\/p>\n<p>Ihre personenbezogenen Daten werden weder an Dritte verkauft noch anderweitig vermarktet.<\/p>\n<p>Zu personenbezogenen Daten z\u00e4hlen zum Beispiel: Ihre Personalien (Name, Adresse, Kontaktdaten, Geburtstag, Geburtsort, etc.), Legitimationsdaten (Ausweis), Authentifikationsdaten (Login).<\/p>\n<p>Dar\u00fcber hinaus k\u00f6nnen darunter auch folgende Daten fallen:<\/p>\n<ul>\n<li>Daten aus der Erf\u00fcllung unserer vertraglichen Verpflichtung (z.B. Rechnungsdaten)<\/li>\n<li>Dokumentationsdaten (Logfiles, Protokolle, etc.)<\/li>\n<li>Registerdaten<\/li>\n<li>Bilddaten (Bewerbungsfotos)<\/li>\n<li>Informationen aus Ihrem elektronischen Verkehr (z. B. Apps, Cookies, E-Mail, etc.)<\/li>\n<li>Verarbeitungsergebnisse, die wir selbst generiert haben<\/li>\n<li>Daten zur Erf\u00fcllung gesetzlicher und regulatorischer Anforderungen<\/li>\n<\/ul>\n<p>Wenn Sie uns pers\u00f6nliche Daten per E-Mail schicken \u2013 somit abseits dieser Webseite \u2013 k\u00f6nnen wir keine sichere \u00dcbertragung und den Schutz Ihrer Daten garantieren. Wir empfehlen Ihnen, vertrauliche Daten niemals unverschl\u00fcsselt per E-Mail zu \u00fcbermitteln.<\/p>\n<h5><strong>SSL-Verschl\u00fcsselung<\/strong><\/h5>\n<p>Um die Sicherheit Ihrer Daten bei der \u00dcbertragung zu sch\u00fctzen, verwenden wir dem aktuellen Stand der Technik entsprechende Verschl\u00fcsselungsverfahren (z. B. SSL) \u00fcber HTTPS.<\/p>\n<h5><strong>Kontaktformular<\/strong><\/h5>\n<p>Wir bieten Ihnen auf unserer Seite die M\u00f6glichkeit, mit uns per E-Mail und\/oder \u00fcber ein Kontaktformular in Verbindung zu treten. In diesem Fall werden die vom Nutzer gemachten Angaben zum Zwecke der Bearbeitung seiner Kontaktaufnahme gespeichert. Eine Weitergabe an Dritte erfolgt nicht. Ein Abgleich der so erhobenen Daten mit Daten, die m\u00f6glicherweise durch andere Komponenten unserer Seite erhoben werden, erfolgt ebenfalls nicht.<\/p>\n<h5><strong>Cookies<\/strong><\/h5>\n<p>Wir verwenden auf unserer Seite sog. Cookies zum Wiedererkennen mehrfacher Nutzung unseres Angebots, durch denselben Nutzer\/Internetanschlussinhaber. Cookies sind kleine Textdateien, die Ihr Internet-Browser auf Ihrem Rechner ablegt und speichert. Sie dienen dazu, unseren Internetauftritt und unsere Angebote zu optimieren. Es handelt sich dabei zumeist um sog. \u201eSession-Cookies\u201c, die nach dem Ende Ihres Besuches wieder gel\u00f6scht werden.<\/p>\n<p>Teilweise geben diese Cookies jedoch Informationen ab, um Sie automatisch wieder zu erkennen. Diese Wiedererkennung erfolgt aufgrund der in den Cookies gespeicherten IP-Adresse. Die so erlangten Informationen dienen dazu, unsere Angebote zu optimieren und Ihnen einen leichteren Zugang auf unsere Seite zu erm\u00f6glichen.<\/p>\n<p>Sie k\u00f6nnen die Installation der Cookies durch eine entsprechende Einstellung Ihres Browsers verhindern (wir weisen Sie darauf hin, dass Sie in diesem Fall m\u00f6glicherweise nicht s\u00e4mtliche Funktionen unserer Website vollumf\u00e4nglich nutzen k\u00f6nnen).<\/p>\n<h5><strong>Verwendung von facebook-Komponenten<\/strong><\/h5>\n<p>Wir setzen auf unserer Seite Komponenten des Anbieters facebook.com ein. Facebook ist ein Service der facebook Inc., 1601 S. California Ave, Palo Alto, CA 94304, USA. Bei jedem einzelnen Abruf unserer Webseite, die mit einer solchen Komponente ausgestattet ist, veranlasst diese Komponente, dass der von Ihnen verwendete Browser eine entsprechende Darstellung der Komponente von facebook herunterl\u00e4dt. Durch diesen Vorgang wird facebook dar\u00fcber in Kenntnis gesetzt, welche konkrete Seite unserer Internetpr\u00e4senz gerade durch Sie besucht wird.<\/p>\n<p>Wenn Sie unsere Seite aufrufen und w\u00e4hrenddessen bei facebook eingeloggt sind, erkennt facebook durch die von der Komponente gesammelte Information, welche konkrete Seite Sie besuchen und ordnet diese Informationen Ihrem pers\u00f6nlichen Account auf facebook zu. Klicken Sie z.B. den\u00a0\u201eGef\u00e4llt mir\u201c-Button an oder geben Sie entsprechende Kommentare ab, werden diese Informationen an Ihr pers\u00f6nliches Benutzerkonto auf facebook \u00fcbermittelt und dort gespeichert. Dar\u00fcber hinaus wird die Information, dass Sie unsere Seite besucht haben, an facebook weitergegeben. Dies geschieht unabh\u00e4ngig davon, ob Sie die Komponente anklicken oder nicht.<\/p>\n<p>Wenn Sie diese \u00dcbermittlung und Speicherung von Daten \u00fcber Sie und Ihr Verhalten auf unserer Webseite durch facebook unterbinden wollen, m\u00fcssen Sie sich bei facebook ausloggen und zwar bevor Sie unsere Seite besuchen. Die Datenschutzhinweise von facebook geben hierzu n\u00e4here Informationen \u2013 insbesondere zur Erhebung und Nutzung der Daten durch facebook, zu Ihren diesbez\u00fcglichen Rechten sowie zu den Einstellungsm\u00f6glichkeiten zum Schutz Ihrer Privatsph\u00e4re:\u00a0<a href=\"https:\/\/de-de.facebook.com\/about\/privacy\/\">https:\/\/de-de.facebook.com\/about\/privacy\/<\/a><br \/>\nEine \u00dcbersicht \u00fcber die Facebook-Plugins finden Sie unter\u00a0<a href=\"https:\/\/developers.facebook.com\/docs\/plugins\/\">https:\/\/developers.facebook.com\/docs\/plugins\/<\/a><\/p>\n<h5><strong>Verwendung von Google Analytics<\/strong><\/h5>\n<p>Wir setzen auf unserer Seite Google-Analytics, einen Webanalysedienst der Firma Google Inc., 1600 Amphitheatre Parkway, Mountain View, CA 94043 USA, nachfolgend \u201eGoogle\u201c ein. Google-Analytics verwendet sog. \u201eCookies\u201c \u2013 Textdateien, die auf Ihrem Computer gespeichert werden und hierdurch eine Analyse der Benutzung der Website durch Sie erm\u00f6glichen.<\/p>\n<p>Die durch diese Cookies erzeugten Informationen \u2013 beispielsweise Zeit, Ort und H\u00e4ufigkeit Ihres Webseiten-Besuchs einschlie\u00dflich Ihrer IP-Adresse \u2013 werden an Google in den USA \u00fcbertragen und dort gespeichert.<\/p>\n<p>Wir verwenden auf unserer Website Google-Analytics mit einer IP-Anonymisierungsfunktion. Ihre IP-Adresse wird in diesem Fall von Google schon innerhalb von Mitgliedstaaten der Europ\u00e4ischen Union oder in anderen Vertragsstaaten des Abkommens \u00fcber den Europ\u00e4ischen Wirtschaftsraum gek\u00fcrzt und dadurch anonymisiert.<\/p>\n<p>Google wird diese Informationen benutzen, um Ihre Nutzung unserer Seite auszuwerten, um Reports \u00fcber die Websiteaktivit\u00e4ten f\u00fcr uns zusammenzustellen und um weitere mit der Websitenutzung und der Internetnutzung verbundene Dienstleistungen zu erbringen. Auch wird Google diese Informationen gegebenenfalls an Dritte \u00fcbertragen, sofern dies gesetzlich vorgeschrieben ist oder soweit Dritte diese Daten im Auftrag von Google verarbeiten.<\/p>\n<p>Google wird, nach eigenen Angaben, in keinem Fall Ihre IP-Adresse mit anderen Daten von Google in Verbindung bringen. Sie k\u00f6nnen die Installation der Cookies durch eine entsprechende Einstellung Ihrer Browser-Software verhindern (wir weisen Sie darauf hin, dass Sie in diesem Fall m\u00f6glicherweise nicht s\u00e4mtliche Funktionen unserer Website vollumf\u00e4nglich nutzen k\u00f6nnen.<\/p>\n<p>Des Weiteren bietet Google f\u00fcr die g\u00e4ngigsten Browser eine Deaktivierungsoption an, welche Ihnen mehr Kontrolle dar\u00fcber gibt, welche Daten von Google erfasst und verarbeitet werden. Sollten Sie diese Option aktivieren, werden keine Informationen zum Website-Besuch an Google Analytics \u00fcbermittelt. Die Aktivierung verhindert aber nicht, dass Informationen an uns oder an andere von uns gegebenenfalls eingesetzte Webanalyse-Services \u00fcbermittelt werden. Weitere Informationen zu der von Google bereitgestellten Deaktivierungsoption sowie zu der Aktivierung dieser Option, erhalten Sie \u00fcber nachfolgenden Link:\u00a0<a href=\"https:\/\/tools.google.com\/dlpage\/gaoptout?hl=de\">https:\/\/tools.google.com\/dlpage\/gaoptout?hl=de<\/a><\/p>\n<h5><strong>Verwendung von OpenStreetMap<\/strong><\/h5>\n<p>Wir verwenden auf unserer Website einen Kartenausschnitt von OpenStreetMap (<a title=\"https:\/\/www.openstreetmap.at\/\" href=\"https:\/\/www.openstreetmap.at\/\">https:\/\/www.openstreetmap.at\/<\/a>), um die Anfahrt zum Vienna Beethoven Conservatory darzustellen und damit zu vereinfachen.<\/p>\n<p>Bei OpenStreetMap handelt es sich um ein Open-Source-Mapping-Werkzeug. Damit die Karte angezeigt werden kann, wird Ihre IP-Adresse an OpenStreetMap weitergeleitet. Wie OpenStreetMap Ihre Daten speichert, k\u00f6nnen Sie auf\u00a0<a title=\"Datenschutzseite von OpenStreetMap\" href=\"https:\/\/wiki.openstreetmap.org\/wiki\/DE:Legal_FAQ\">https:\/\/wiki.openstreetmap.org\/wiki\/DE:Legal_FAQ<\/a>\u00a0einsehen.<\/p>\n<h5><strong>Verwendung von Google Fonts<\/strong><\/h5>\n<p>Wir verwenden Google Fonts der Firma Google Inc. (1600 Amphitheatre Parkway Mountain View, CA 94043, USA) auf unserer Webseite. Die Verwendung von Google Fonts erfolgt ohne Authentisierung und es werden keine Cookies an die Google Fonts API gesendet. Sollten Sie ein Konto bei Google haben, werden keine Ihrer Google-Kontodaten an Google w\u00e4hrend der Nutzung von Google Fonts \u00fcbermittelt. Google erfasst lediglich die Nutzung von CSS und der verwendeten Fonts und speichert diese Daten sicher. Mehr zu diesen und weiteren Fragen finden Sie auf\u00a0<a href=\"https:\/\/developers.google.com\/fonts\/faq\">https:\/\/developers.google.com\/fonts\/faq<\/a>.<\/p>\n<p>Welche Daten von Google erfasst werden und wof\u00fcr diese Daten verwendet werden, k\u00f6nnen Sie auf\u00a0<a href=\"https:\/\/www.google.com\/intl\/de\/policies\/privacy\/\">https:\/\/www.google.com\/intl\/de\/policies\/privacy\/<\/a>\u00a0nachlesen.<\/p>\n<h5><strong>Verwendung von Instagram<\/strong><\/h5>\n<p>Wir setzen auf unserer Website den Dienst Instagram ein. Instagram ist ein Service der Instagram Inc. Durch den eingebundenen \u201eInsta\u201c-Button auf unsere Seite erh\u00e4lt Instagram die Information, dass Sie die entsprechende Seite unseres Internetauftritts aufgerufen haben. Sind Sie bei Instagram eingeloggt, kann Instagram diesen Besuch auf unserer Seite Ihrem Instagram-Konto zuordnen und die Daten somit verkn\u00fcpfen. Die durch Anklicken des \u201eInsta\u201c-Buttons \u00fcbermittelten Daten werden von Instagram gespeichert. Zu Zweck und Umfang der Datenerhebung, deren Verarbeitung und Nutzung sowie Ihren diesbez\u00fcglichen Rechten und Einstellungsm\u00f6glichkeiten zum Schutz Ihrer Privatsph\u00e4re erhalten Sie weitere Informationen in den Instagram-Datenschutzhinweisen, die Sie \u00fcber\u00a0<a href=\"https:\/\/help.instagram.com\/155833707900388\">https:\/\/help.instagram.com\/155833707900388<\/a>\u00a0abrufen k\u00f6nnen.<\/p>\n<p>Um zu verhindern, dass Instagram den Besuch unserer Seite Ihrem Instagram-Konto zuordnen kann, m\u00fcssen Sie sich vor dem Besuch unserer Seite von Ihrem Instagram-Account abmelden.<\/p>\n<h5><strong>Eingebettete YouTube-Videos<\/strong><\/h5>\n<p>Auf unserer Webseite setzen wir Komponenten (Videos) des Unternehmens YouTube, LLC 901 Cherry Ave., 94066 San Bruno, CA, USA, einem Unternehmen der Google Inc., Amphitheatre Parkway, Mountain View, CA 94043, USA, ein. Hierbei nutzen wir die von YouTube zur Verf\u00fcgung gestellte Option \u201d \u2013 erweiterter Datenschutzmodus \u2013 \u201c.<\/p>\n<p>Wenn Sie eine Seite aufrufen, die \u00fcber ein eingebettetes Video verf\u00fcgt, wird eine Verbindung zu den YouTube-Servern hergestellt und dabei der Inhalt durch Mitteilung an Ihren Browser auf der Internetseite dargestellt.<\/p>\n<p>Laut den Angaben von YouTube werden im \u201d\u2013 erweiterten Datenschutzmodus \u2013\u201d nur Daten an den YouTube-Server \u00fcbermittelt, insbesondere welche unserer Internetseiten Sie besucht haben, wenn Sie das Video anschauen. Sind Sie gleichzeitig bei YouTube eingeloggt, werden diese Informationen Ihrem Mitgliedskonto bei YouTube zugeordnet. Dies k\u00f6nnen Sie verhindern, indem Sie sich vor dem Besuch unserer Website von Ihrem Mitgliedskonto abmelden. Weitere Informationen zum Datenschutz von YouTube werden von Google unter dem folgenden Link bereitgestellt:\u00a0<a href=\"https:\/\/www.google.de\/intl\/de\/policies\/privacy\/\">https:\/\/www.google.de\/intl\/de\/policies\/privacy\/<\/a><\/p>\n<h5><strong>Ihre Rechte auf Auskunft, Berichtigung, Sperre, L\u00f6schung und Widerspruch<\/strong><\/h5>\n<p>Sie haben das Recht, jederzeit Auskunft \u00fcber Ihre bei uns gespeicherten personenbezogenen Daten zu erhalten. Ebenso haben Sie das Recht auf Berichtigung, Sperrung oder \u2013 abgesehen von der vorgeschriebenen Datenspeicherung zur Gesch\u00e4ftsabwicklung \u2013 L\u00f6schung Ihrer personenbezogenen Daten. Bitte wenden Sie sich dazu an uns. Die Kontaktdaten finden Sie ganz oben.<\/p>\n<p>Damit eine Sperre von Daten jederzeit ber\u00fccksichtigt werden kann, m\u00fcssen diese Daten zu Kontrollzwecken in einer Sperrdatei vorgehalten werden. Sie k\u00f6nnen auch die L\u00f6schung der Daten verlangen, soweit keine gesetzliche Archivierungsverpflichtung besteht. Soweit eine solche Verpflichtung besteht, sperren wir Ihre Daten auf Wunsch.<\/p>\n<p>Sie k\u00f6nnen \u00c4nderungen oder den Widerruf einer Einwilligung durch entsprechende Mitteilung an uns mit Wirkung f\u00fcr die Zukunft vornehmen.<\/p>\n<p>Ferner haben Sie das Recht auf Berichtigung der Daten sowie auf Einschr\u00e4nkung der Verarbeitung, auf Daten\u00fcbertragbarkeit sowie auf Beschwerde bei der \u00d6sterreichischen Datenschutzbeh\u00f6rde.<\/p>\n<h5><strong>L\u00f6schung bzw. Sperrung der Daten<\/strong><\/h5>\n<p>Wir halten uns an die Grunds\u00e4tze der Datenvermeidung und Datensparsamkeit. Wir speichern Ihre personenbezogenen Daten daher nur so lange, wie dies zur Erreichung der hier genannten Zwecke erforderlich ist oder wie es die vom Gesetzgeber vorgesehenen vielf\u00e4ltigen Speicherfristen vorsehen. Nach Fortfall des jeweiligen Zweckes bzw. Ablauf dieser Fristen werden die entsprechenden Daten routinem\u00e4\u00dfig und entsprechend den gesetzlichen Vorschriften gesperrt oder gel\u00f6scht.<\/p>\n<h5><strong>Datensicherheit<\/strong><\/h5>\n<p>Unser erkl\u00e4rtes Ziel ist es, alle erforderlichen technischen und organisatorischen Ma\u00dfnahmen zu treffen, um die Sicherheit der Datenverarbeitung zu gew\u00e4hrleisten und Ihre personenbezogenen Daten so zu verarbeiten, dass sie vor Zugriffen durch unbefugte Dritte gesch\u00fctzt sind.<\/p>\n<p>Zur Verwaltung der eingesetzten Cookies und \u00e4hnlichen Technologien (Tracking-Pixel, Web-Beacons etc.) und diesbez\u00fcglicher Einwilligungen setzen wir das Consent Tool &#8222;Real Cookie Banner&#8220; ein. Details zur Funktionsweise von &#8222;Real Cookie Banner&#8220; findest du unter <a href=\"https:\/\/devowl.io\/de\/rcb\/datenverarbeitung\/\" rel=\"noreferrer noopener\" target=\"_blank\">https:\/\/devowl.io\/de\/rcb\/datenverarbeitung\/<\/a>.<\/p>\n<p>Rechtsgrundlagen f\u00fcr die Verarbeitung von personenbezogenen Daten in diesem Zusammenhang sind Art. 6 Abs. 1 lit. c DS-GVO und Art. 6 Abs. 1 lit. f DS-GVO. Unser berechtigtes Interesse ist die Verwaltung der eingesetzten Cookies und \u00e4hnlichen Technologien und der diesbez\u00fcglichen Einwilligungen.<\/p>\n<p>Die Bereitstellung der personenbezogenen Daten ist weder vertraglich vorgeschrieben noch f\u00fcr den Abschluss eines Vertrages notwendig. Du bist nicht verpflichtet die personenbezogenen Daten bereitzustellen. Wenn du die personenbezogenen Daten nicht bereitstellst, k\u00f6nnen wir deine Einwilligungen nicht verwalten.<\/p>\n<p><em>Quellen:\u00a0<a href=\"https:\/\/www.ratgeberrecht.eu\/leistungen\/muster-datenschutzerklaerung.html\">Datenschutzerkl\u00e4rung<\/a>\u00a0mit Unterst\u00fctzung der\u00a0<a href=\"https:\/\/www.ratgeberrecht.eu\/\">Anwaltskanzlei Wei\u00df &amp; Partner<\/a><\/em><\/p>\n<\/div><\/div><\/div><\/div><\/div><\/div><\/section>\n","protected":false},"excerpt":{"rendered":"Verantwortliche im Sinne der Datenschutzgesetze: Beethoven Conservatory of Vienna GmbH \u2013 vertreten durch Mag. Siranush Galoyan-Tkachenko und Peter Pointner M\u00fchlgasse 28-30, 1040 Wien (\u00d6sterreich) Tel.: +43 1\u00a0367 37 17 E-mail. office@beethoven.institute Der Schutz Ihrer Daten ist uns sehr wichtig. Diese Datenschutzbestimmung erl\u00e4utert, welche pers\u00f6nlichen Daten die Beethoven Conservatory of Vienna GmbH im Rahmen der Website...","protected":false},"author":4,"featured_media":0,"parent":0,"menu_order":9,"comment_status":"closed","ping_status":"closed","template":"","meta":{"footnotes":""},"class_list":["post-3","page","type-page","status-publish","hentry"],"_links":{"self":[{"href":"https:\/\/www.beethoven.institute\/de\/wp-json\/wp\/v2\/pages\/3","targetHints":{"allow":["GET"]}}],"collection":[{"href":"https:\/\/www.beethoven.institute\/de\/wp-json\/wp\/v2\/pages"}],"about":[{"href":"https:\/\/www.beethoven.institute\/de\/wp-json\/wp\/v2\/types\/page"}],"author":[{"embeddable":true,"href":"https:\/\/www.beethoven.institute\/de\/wp-json\/wp\/v2\/users\/4"}],"replies":[{"embeddable":true,"href":"https:\/\/www.beethoven.institute\/de\/wp-json\/wp\/v2\/comments?post=3"}],"version-history":[{"count":9,"href":"https:\/\/www.beethoven.institute\/de\/wp-json\/wp\/v2\/pages\/3\/revisions"}],"predecessor-version":[{"id":9346,"href":"https:\/\/www.beethoven.institute\/de\/wp-json\/wp\/v2\/pages\/3\/revisions\/9346"}],"wp:attachment":[{"href":"https:\/\/www.beethoven.institute\/de\/wp-json\/wp\/v2\/media?parent=3"}],"curies":[{"name":"wp","href":"https:\/\/api.w.org\/{rel}","templated":true}]}}